{"id":476,"date":"2022-02-25T16:14:00","date_gmt":"2022-02-25T16:14:00","guid":{"rendered":"https:\/\/themepanthers.com\/wp\/nest\/d1\/?page_id=476"},"modified":"2026-02-23T16:20:31","modified_gmt":"2026-02-23T21:20:31","slug":"a-propos","status":"publish","type":"page","link":"https:\/\/www.epicesdeverdier.com\/en\/a-propos\/","title":{"rendered":"\u00c0 PROPOS"},"content":{"rendered":"<div data-elementor-type=\"wp-page\" data-elementor-id=\"476\" class=\"elementor elementor-476\" data-elementor-post-type=\"page\">\n\t\t\t\t\t\t<section class=\"elementor-section elementor-top-section elementor-element elementor-element-41d4b2a elementor-section-boxed elementor-section-height-default elementor-section-height-default\" data-id=\"41d4b2a\" data-element_type=\"section\" data-e-type=\"section\">\n\t\t\t\t\t\t<div class=\"elementor-container elementor-column-gap-default\">\n\t\t\t\t\t<div class=\"elementor-column elementor-col-50 elementor-top-column elementor-element elementor-element-d0fca78\" data-id=\"d0fca78\" data-element_type=\"column\" data-e-type=\"column\">\n\t\t\t<div class=\"elementor-widget-wrap elementor-element-populated\">\n\t\t\t\t\t\t<div class=\"elementor-element elementor-element-7df14c6 elementor-widget elementor-widget-nest-simple-image-box-v1\" data-id=\"7df14c6\" data-element_type=\"widget\" data-e-type=\"widget\" data-widget_type=\"nest-simple-image-box-v1.default\">\n\t\t\t\t<div class=\"elementor-widget-container\">\n\t\t\t\t\t<div class=\"simple_image_boxes      wow animate__animated animate__fadeInUp\"\r\n    data-wow-delay=\"0\">\r\n    <img decoding=\"async\" src=\"https:\/\/themepanthers.com\/wp\/nest\/d1\/wp-content\/uploads\/2022\/05\/about-1.png\" alt=\"image\" \/>\r\n<\/div>\r\n\t\t\t\t<\/div>\n\t\t\t\t<\/div>\n\t\t\t\t\t<\/div>\n\t\t<\/div>\n\t\t\t\t<div class=\"elementor-column elementor-col-50 elementor-top-column elementor-element elementor-element-3aa31b2\" data-id=\"3aa31b2\" data-element_type=\"column\" data-e-type=\"column\">\n\t\t\t<div class=\"elementor-widget-wrap elementor-element-populated\">\n\t\t\t\t\t\t<div class=\"elementor-element elementor-element-3068dfb elementor-widget elementor-widget-nest-title-v1\" data-id=\"3068dfb\" data-element_type=\"widget\" data-e-type=\"widget\" data-widget_type=\"nest-title-v1.default\">\n\t\t\t\t<div class=\"elementor-widget-container\">\n\t\t\t\t\t        <div class=\"section_title type_one\">\r\n                                        <div class=\"title_whole\">\r\n                    <div class=\"title\"> \nVotre \u00e9picerie de proximit\u00e9 \u00e0 Saint-Hubert  <\/div>\r\n                                    <\/div>\r\n                                <\/div>\r\n    \t\t\t\t<\/div>\n\t\t\t\t<\/div>\n\t\t\t\t<div class=\"elementor-element elementor-element-00dcb2b elementor-widget elementor-widget-text-editor\" data-id=\"00dcb2b\" data-element_type=\"widget\" data-e-type=\"widget\" data-widget_type=\"text-editor.default\">\n\t\t\t\t\t\t\t\t\t<p data-start=\"262\" data-end=\"757\"><strong data-start=\"262\" data-end=\"283\">\u00c9pices de Verdier<\/strong> est une \u00e9picerie de proximit\u00e9 situ\u00e9e au c\u0153ur de <strong data-start=\"332\" data-end=\"348\">Saint-Hubert<\/strong>, offrant une grande vari\u00e9t\u00e9 de <strong data-start=\"380\" data-end=\"425\">produits alimentaires d\u2019ici et d\u2019ailleurs<\/strong>, soigneusement s\u00e9lectionn\u00e9s pour satisfaire tous les go\u00fbts et toutes les cultures.<br data-start=\"508\" data-end=\"511\" \/>Que vous soyez \u00e0 la recherche de <strong data-start=\"544\" data-end=\"562\">produits frais<\/strong>, d\u2019<strong data-start=\"566\" data-end=\"588\">\u00e9pices savoureuses<\/strong>, de <strong data-start=\"593\" data-end=\"627\">viandes et poissons de qualit\u00e9<\/strong>, ou encore de <strong data-start=\"642\" data-end=\"675\">repas chauds pr\u00eats \u00e0 emporter<\/strong>, notre \u00e9picerie est votre destination incontournable sur la Rive-Sud de Montr\u00e9al.<\/p><p data-start=\"759\" data-end=\"947\">Notre mission est simple : proposer des <strong data-start=\"799\" data-end=\"850\">produits accessibles, authentiques et savoureux<\/strong>, dans une ambiance conviviale et chaleureuse, tout en mettant de l\u2019avant la diversit\u00e9 culinaire.<\/p>\t\t\t\t\t\t\t\t<\/div>\n\t\t\t\t<div class=\"elementor-element elementor-element-9c582ed elementor-widget elementor-widget-nest-simple-image-box-v1\" data-id=\"9c582ed\" data-element_type=\"widget\" data-e-type=\"widget\" data-widget_type=\"nest-simple-image-box-v1.default\">\n\t\t\t\t<div class=\"elementor-widget-container\">\n\t\t\t\t\t    <div class=\"carausel-3-columns-cover  position-relative image_custom_caro position_four\">\r\n        <div class=\"theme_carousel owl-theme owl-carousel\" data-options='{\"loop\": false, \"margin\": 20, \"autoheight\":true, \"lazyload\":true, \"nav\": true, \"dots\": false, \"autoplay\": false, \"autoplayTimeout\": 6000, \"smartSpeed\": 300, \"responsive\":{ \"0\" :{ \"items\": \"1\" }, \"600\" :{ \"items\" : \"2\" }, \"768\" :{ \"items\" : \"2\" } , \"992\":{ \"items\" : \"3\" }, \"1200\":{ \"items\" : \"3\" }}}'>\r\n                <img decoding=\"async\" src=\"https:\/\/themepanthers.com\/wp\/nest\/d1\/wp-content\/uploads\/2022\/05\/about-4.png\" alt=\"image\" \/>\r\n                <img decoding=\"async\" src=\"https:\/\/themepanthers.com\/wp\/nest\/d1\/wp-content\/uploads\/2022\/05\/about-3.png\" alt=\"image\" \/>\r\n                <img decoding=\"async\" src=\"https:\/\/themepanthers.com\/wp\/nest\/d1\/wp-content\/uploads\/2022\/05\/about-2.png\" alt=\"image\" \/>\r\n                <img decoding=\"async\" src=\"https:\/\/themepanthers.com\/wp\/nest\/d1\/wp-content\/uploads\/2022\/05\/about-4.png\" alt=\"image\" \/>\r\n                <img decoding=\"async\" src=\"https:\/\/themepanthers.com\/wp\/nest\/d1\/wp-content\/uploads\/2022\/05\/about-3.png\" alt=\"image\" \/>\r\n                <img decoding=\"async\" src=\"https:\/\/themepanthers.com\/wp\/nest\/d1\/wp-content\/uploads\/2022\/05\/about-2.png\" alt=\"image\" \/>\r\n            <\/div>    \r\n<\/div>\r\n\t\t\t\t<\/div>\n\t\t\t\t<\/div>\n\t\t\t\t\t<\/div>\n\t\t<\/div>\n\t\t\t\t\t<\/div>\n\t\t<\/section>\n\t\t\t\t<section class=\"elementor-section elementor-top-section elementor-element elementor-element-b43798f elementor-section-boxed elementor-section-height-default elementor-section-height-default\" data-id=\"b43798f\" data-element_type=\"section\" data-e-type=\"section\">\n\t\t\t\t\t\t<div class=\"elementor-container elementor-column-gap-default\">\n\t\t\t\t\t<div class=\"elementor-column elementor-col-100 elementor-top-column elementor-element elementor-element-0041546\" data-id=\"0041546\" data-element_type=\"column\" data-e-type=\"column\">\n\t\t\t<div class=\"elementor-widget-wrap elementor-element-populated\">\n\t\t\t\t\t\t<div class=\"elementor-element elementor-element-533d7b0 elementor-widget elementor-widget-nest-title-v1\" data-id=\"533d7b0\" data-element_type=\"widget\" data-e-type=\"widget\" data-widget_type=\"nest-title-v1.default\">\n\t\t\t\t<div class=\"elementor-widget-container\">\n\t\t\t\t\t        <div class=\"section_title type_one\">\r\n                                        <div class=\"title_whole\">\r\n                    <div class=\"title\"> Une large s\u00e9lection de produits alimentaires  <\/div>\r\n                                            <i class=\"icon-waves\"><\/i>\r\n                                    <\/div>\r\n                                <\/div>\r\n    \t\t\t\t<\/div>\n\t\t\t\t<\/div>\n\t\t\t\t\t<\/div>\n\t\t<\/div>\n\t\t\t\t\t<\/div>\n\t\t<\/section>\n\t\t\t\t<section class=\"elementor-section elementor-top-section elementor-element elementor-element-cdc26eb elementor-section-boxed elementor-section-height-default elementor-section-height-default\" data-id=\"cdc26eb\" data-element_type=\"section\" data-e-type=\"section\">\n\t\t\t\t\t\t<div class=\"elementor-container elementor-column-gap-default\">\n\t\t\t\t\t<div class=\"elementor-column elementor-col-50 elementor-top-column elementor-element elementor-element-9cb9f4c\" data-id=\"9cb9f4c\" data-element_type=\"column\" data-e-type=\"column\">\n\t\t\t<div class=\"elementor-widget-wrap elementor-element-populated\">\n\t\t\t\t\t\t<div class=\"elementor-element elementor-element-533782e elementor-widget elementor-widget-nest-simple-image-box-v1\" data-id=\"533782e\" data-element_type=\"widget\" data-e-type=\"widget\" data-widget_type=\"nest-simple-image-box-v1.default\">\n\t\t\t\t<div class=\"elementor-widget-container\">\n\t\t\t\t\t<div class=\"simple_image_boxes      wow animate__animated animate__fadeInUp\"\r\n    data-wow-delay=\"0\">\r\n    <img decoding=\"async\" src=\"https:\/\/themepanthers.com\/wp\/nest\/d1\/wp-content\/uploads\/2022\/05\/about-5.png\" alt=\"image\" \/>\r\n<\/div>\r\n\t\t\t\t<\/div>\n\t\t\t\t<\/div>\n\t\t\t\t\t<\/div>\n\t\t<\/div>\n\t\t\t\t<div class=\"elementor-column elementor-col-50 elementor-top-column elementor-element elementor-element-5a3dc17\" data-id=\"5a3dc17\" data-element_type=\"column\" data-e-type=\"column\">\n\t\t\t<div class=\"elementor-widget-wrap elementor-element-populated\">\n\t\t\t\t\t\t<div class=\"elementor-element elementor-element-31c8fd1 elementor-widget elementor-widget-nest-title-v1\" data-id=\"31c8fd1\" data-element_type=\"widget\" data-e-type=\"widget\" data-widget_type=\"nest-title-v1.default\">\n\t\t\t\t<div class=\"elementor-widget-container\">\n\t\t\t\t\t        <div class=\"section_title type_one\">\r\n                            <h4 class=\"mb-20 text-brand\"> Chez \u00c9pices de Verdier, nous offrons un inventaire vari\u00e9 et bien approvisionn\u00e9 pour r\u00e9pondre \u00e0 tous vos besoins quotidiens.<\/h4>\r\n                                            <\/div>\r\n    \t\t\t\t<\/div>\n\t\t\t\t<\/div>\n\t\t\t\t<div class=\"elementor-element elementor-element-fdd2148 elementor-widget elementor-widget-text-editor\" data-id=\"fdd2148\" data-element_type=\"widget\" data-e-type=\"widget\" data-widget_type=\"text-editor.default\">\n\t\t\t\t\t\t\t\t\t<h3 data-start=\"1132\" data-end=\"1152\">\ud83e\udd55 L\u00e9gumes frais<\/h3><p data-start=\"1153\" data-end=\"1274\">D\u00e9couvrez une s\u00e9lection de <strong data-start=\"1180\" data-end=\"1197\">l\u00e9gumes frais<\/strong> soigneusement choisis, parfaits pour cuisiner des repas sains et \u00e9quilibr\u00e9s.<\/p><h3 data-start=\"1276\" data-end=\"1300\">\ud83c\udf4e Fruits de qualit\u00e9<\/h3><p data-start=\"1301\" data-end=\"1392\">Des <strong data-start=\"1305\" data-end=\"1334\">fruits frais et savoureux<\/strong>, id\u00e9als pour vos collations, desserts et recettes maison.<\/p><h3 data-start=\"1394\" data-end=\"1408\">\ud83e\udd69 Viandes<\/h3><p data-start=\"1409\" data-end=\"1517\">Nous proposons diff\u00e9rentes <strong data-start=\"1436\" data-end=\"1458\">viandes de qualit\u00e9<\/strong>, adapt\u00e9es aux recettes traditionnelles et internationales.<\/p><h3 data-start=\"1519\" data-end=\"1534\">\ud83d\udc1f Poissons<\/h3><p data-start=\"1535\" data-end=\"1626\">Un choix de <strong data-start=\"1547\" data-end=\"1577\">poissons frais et surgel\u00e9s<\/strong>, parfaits pour une alimentation saine et vari\u00e9e.<\/p><h3 data-start=\"1628\" data-end=\"1642\">\ud83c\udf36\ufe0f \u00c9pices<\/h3><p data-start=\"1643\" data-end=\"1771\">Notre section <strong data-start=\"1657\" data-end=\"1667\">\u00e9pices<\/strong> vous fera voyager : assaisonnements du monde, \u00e9pices rares, m\u00e9langes authentiques et saveurs exotiques.<\/p><h3 data-start=\"1773\" data-end=\"1797\">\ud83e\udd5b Produits laitiers<\/h3><p data-start=\"1798\" data-end=\"1876\">Retrouvez une gamme de <strong data-start=\"1821\" data-end=\"1853\">produits laitiers essentiels<\/strong> pour toute la famille.<\/p><h3 data-start=\"1878\" data-end=\"1905\">\ud83c\udf72 Plats pr\u00eats \u00e0 manger<\/h3><p data-start=\"1906\" data-end=\"2041\">Manque de temps ? Profitez de nos <strong data-start=\"1940\" data-end=\"1973\">plats chauds pr\u00eats \u00e0 emporter<\/strong>, faits pour vous offrir un repas rapide, d\u00e9licieux et r\u00e9confortant.<\/p><h3 data-start=\"2043\" data-end=\"2056\">\ud83c\udf7a Bi\u00e8res<\/h3><p data-start=\"2057\" data-end=\"2159\">Une s\u00e9lection de <strong data-start=\"2074\" data-end=\"2084\">bi\u00e8res<\/strong> locales et import\u00e9es pour accompagner vos repas ou vos moments de d\u00e9tente.<\/p><h3 data-start=\"2161\" data-end=\"2183\">\ud83d\uded2 Produits divers<\/h3><p data-start=\"2184\" data-end=\"2276\">Articles alimentaires et produits du quotidien pour compl\u00e9ter vos achats en un seul endroit.<\/p>\t\t\t\t\t\t\t\t<\/div>\n\t\t\t\t\t<\/div>\n\t\t<\/div>\n\t\t\t\t\t<\/div>\n\t\t<\/section>\n\t\t\t\t<section class=\"elementor-section elementor-top-section elementor-element elementor-element-982d3a9 elementor-section-boxed elementor-section-height-default elementor-section-height-default\" data-id=\"982d3a9\" data-element_type=\"section\" data-e-type=\"section\">\n\t\t\t\t\t\t<div class=\"elementor-container elementor-column-gap-wide\">\n\t\t\t\t\t<div class=\"elementor-column elementor-col-50 elementor-top-column elementor-element elementor-element-3c13f79\" data-id=\"3c13f79\" data-element_type=\"column\" data-e-type=\"column\">\n\t\t\t<div class=\"elementor-widget-wrap elementor-element-populated\">\n\t\t\t\t\t\t<div class=\"elementor-element elementor-element-410977c elementor-widget elementor-widget-nest-title-v1\" data-id=\"410977c\" data-element_type=\"widget\" data-e-type=\"widget\" data-widget_type=\"nest-title-v1.default\">\n\t\t\t\t<div class=\"elementor-widget-container\">\n\t\t\t\t\t        <div class=\"section_title type_one\">\r\n                                        <div class=\"title_whole\">\r\n                    <div class=\"title\"> Repas chauds \u00e0 emporter \u00e0 Saint-Hubert  <\/div>\r\n                                    <\/div>\r\n                                        <p class=\"mb-20\"> \u00c9pices de Verdier est aussi reconnu pour ses repas chauds \u00e0 emporter \u00e0 Saint-Hubert.\nId\u00e9al pour le d\u00eener, le souper ou lorsque vous n\u2019avez pas envie de cuisiner, notre comptoir pr\u00eat-\u00e0-manger vous permet de profiter de plats savoureux, rapidement et \u00e0 prix abordable.<\/p>\r\n                    <\/div>\r\n    \t\t\t\t<\/div>\n\t\t\t\t<\/div>\n\t\t\t\t\t<\/div>\n\t\t<\/div>\n\t\t\t\t<div class=\"elementor-column elementor-col-50 elementor-top-column elementor-element elementor-element-b879408\" data-id=\"b879408\" data-element_type=\"column\" data-e-type=\"column\">\n\t\t\t<div class=\"elementor-widget-wrap elementor-element-populated\">\n\t\t\t\t\t\t<div class=\"elementor-element elementor-element-805c937 elementor-widget elementor-widget-nest-title-v1\" data-id=\"805c937\" data-element_type=\"widget\" data-e-type=\"widget\" data-widget_type=\"nest-title-v1.default\">\n\t\t\t\t<div class=\"elementor-widget-container\">\n\t\t\t\t\t        <div class=\"section_title type_one\">\r\n                                        <div class=\"title_whole\">\r\n                    <div class=\"title\"> Une \u00e9picerie locale au service de la communaut\u00e9  <\/div>\r\n                                    <\/div>\r\n                                        <p class=\"mb-20\"> En tant qu\u2019\u00e9picerie de quartier \u00e0 Saint-Hubert, nous privil\u00e9gions le service personnalis\u00e9, la proximit\u00e9 et la satisfaction de notre client\u00e8le.\nNous croyons qu\u2019une bonne \u00e9picerie est avant tout un lieu de rencontre o\u00f9 chacun se sent le bienvenu.<\/p>\r\n                    <\/div>\r\n    \t\t\t\t<\/div>\n\t\t\t\t<\/div>\n\t\t\t\t\t<\/div>\n\t\t<\/div>\n\t\t\t\t\t<\/div>\n\t\t<\/section>\n\t\t\t\t<\/div>","protected":false},"excerpt":{"rendered":"<p>Votre \u00e9picerie de proximit\u00e9 \u00e0 Saint-Hubert \u00c9pices de Verdier est une \u00e9picerie de proximit\u00e9 situ\u00e9e au c\u0153ur de Saint-Hubert, offrant une grande vari\u00e9t\u00e9 de produits alimentaires d\u2019ici et d\u2019ailleurs, soigneusement s\u00e9lectionn\u00e9s pour satisfaire tous les go\u00fbts et toutes les cultures.Que vous soyez \u00e0 la recherche de produits frais, d\u2019\u00e9pices savoureuses, de viandes et poissons de [&hellip;]<\/p>\n","protected":false},"author":1,"featured_media":0,"parent":0,"menu_order":0,"comment_status":"closed","ping_status":"closed","template":"template-fullwidth.php","meta":{"footnotes":""},"class_list":["post-476","page","type-page","status-publish","hentry"],"_links":{"self":[{"href":"https:\/\/www.epicesdeverdier.com\/en\/wp-json\/wp\/v2\/pages\/476","targetHints":{"allow":["GET"]}}],"collection":[{"href":"https:\/\/www.epicesdeverdier.com\/en\/wp-json\/wp\/v2\/pages"}],"about":[{"href":"https:\/\/www.epicesdeverdier.com\/en\/wp-json\/wp\/v2\/types\/page"}],"author":[{"embeddable":true,"href":"https:\/\/www.epicesdeverdier.com\/en\/wp-json\/wp\/v2\/users\/1"}],"replies":[{"embeddable":true,"href":"https:\/\/www.epicesdeverdier.com\/en\/wp-json\/wp\/v2\/comments?post=476"}],"version-history":[{"count":9,"href":"https:\/\/www.epicesdeverdier.com\/en\/wp-json\/wp\/v2\/pages\/476\/revisions"}],"predecessor-version":[{"id":3722,"href":"https:\/\/www.epicesdeverdier.com\/en\/wp-json\/wp\/v2\/pages\/476\/revisions\/3722"}],"wp:attachment":[{"href":"https:\/\/www.epicesdeverdier.com\/en\/wp-json\/wp\/v2\/media?parent=476"}],"curies":[{"name":"wp","href":"https:\/\/api.w.org\/{rel}","templated":true}]}}