{"id":500,"date":"2022-02-25T16:24:44","date_gmt":"2022-02-25T16:24:44","guid":{"rendered":"https:\/\/themepanthers.com\/wp\/nest\/d1\/?page_id=500"},"modified":"2026-05-03T12:48:48","modified_gmt":"2026-05-03T16:48:48","slug":"contact","status":"publish","type":"page","link":"https:\/\/www.epicesdeverdier.com\/en\/contact\/","title":{"rendered":"NOUS CONTACTER"},"content":{"rendered":"\t\t<div data-elementor-type=\"wp-page\" data-elementor-id=\"500\" class=\"elementor elementor-500\" data-elementor-post-type=\"page\">\n\t\t\t\t\t\t<section class=\"elementor-section elementor-top-section elementor-element elementor-element-c65c6e3 elementor-section-boxed elementor-section-height-default elementor-section-height-default\" data-id=\"c65c6e3\" data-element_type=\"section\" data-e-type=\"section\">\n\t\t\t\t\t\t<div class=\"elementor-container elementor-column-gap-default\">\n\t\t\t\t\t<div class=\"elementor-column elementor-col-100 elementor-top-column elementor-element elementor-element-0e10fa2\" data-id=\"0e10fa2\" data-element_type=\"column\" data-e-type=\"column\">\n\t\t\t<div class=\"elementor-widget-wrap elementor-element-populated\">\n\t\t\t\t\t\t<div class=\"elementor-element elementor-element-d7409d2 elementor-widget elementor-widget-google_maps\" data-id=\"d7409d2\" data-element_type=\"widget\" data-e-type=\"widget\" data-widget_type=\"google_maps.default\">\n\t\t\t\t\t\t\t<div class=\"elementor-custom-embed\">\n\t\t\t<iframe loading=\"lazy\"\n\t\t\t\t\tsrc=\"https:\/\/maps.google.com\/maps?q=3990%20Mont%C3%A9e%20Saint-Hubert%2C%20Saint-Hubert%20%28QC%29%20J4T%202R1&#038;t=m&#038;z=10&#038;output=embed&#038;iwloc=near\"\n\t\t\t\t\ttitle=\"3990 Mont\u00e9e Saint-Hubert, Saint-Hubert (QC) J4T 2R1\"\n\t\t\t\t\taria-label=\"3990 Mont\u00e9e Saint-Hubert, Saint-Hubert (QC) J4T 2R1\"\n\t\t\t><\/iframe>\n\t\t<\/div>\n\t\t\t\t\t\t<\/div>\n\t\t\t\t\t<\/div>\n\t\t<\/div>\n\t\t\t\t\t<\/div>\n\t\t<\/section>\n\t\t\t\t<section class=\"elementor-section elementor-top-section elementor-element elementor-element-8987245 elementor-section-boxed elementor-section-height-default elementor-section-height-default\" data-id=\"8987245\" data-element_type=\"section\" data-e-type=\"section\">\n\t\t\t\t\t\t<div class=\"elementor-container elementor-column-gap-default\">\n\t\t\t\t\t<div class=\"elementor-column elementor-col-50 elementor-top-column elementor-element elementor-element-97f7da7\" data-id=\"97f7da7\" data-element_type=\"column\" data-e-type=\"column\">\n\t\t\t<div class=\"elementor-widget-wrap elementor-element-populated\">\n\t\t\t\t\t\t<div class=\"elementor-element elementor-element-332c492 elementor-widget elementor-widget-nest-title-v1\" data-id=\"332c492\" data-element_type=\"widget\" data-e-type=\"widget\" data-widget_type=\"nest-title-v1.default\">\n\t\t\t\t<div class=\"elementor-widget-container\">\n\t\t\t\t\t        <div class=\"section_title type_one\">\r\n                            <h4 class=\"mb-20 text-brand\"> Formulaire de contact\n<\/h4>\r\n                                            <\/div>\r\n    \t\t\t\t<\/div>\n\t\t\t\t<\/div>\n\t\t\t\t<div class=\"elementor-element elementor-element-83da4ee elementor-widget elementor-widget-wpforms\" data-id=\"83da4ee\" data-element_type=\"widget\" data-e-type=\"widget\" data-widget_type=\"wpforms.default\">\n\t\t\t\t<div class=\"elementor-widget-container\">\n\t\t\t\t\t<div class=\"wpforms-container wpforms-container-full\" id=\"wpforms-3586\"><form id=\"wpforms-form-3586\" class=\"wpforms-validate wpforms-form wpforms-ajax-form\" data-formid=\"3586\" method=\"post\" enctype=\"multipart\/form-data\" action=\"\/en\/wp-json\/wp\/v2\/pages\/500\" data-token=\"804d6e5c59f626280b5d7f61d5425d26\"><noscript class=\"wpforms-error-noscript\">Please enable JavaScript in your browser to complete this form.<\/noscript><div class=\"wpforms-field-container\"><div id=\"wpforms-3586-field_1-container\" class=\"wpforms-field wpforms-field-text\" data-field-id=\"1\"><label class=\"wpforms-field-label\" for=\"wpforms-3586-field_1\">Votre pr\u00e9nom et nom de famille <span class=\"wpforms-required-label\">*<\/span><\/label><input type=\"text\" id=\"wpforms-3586-field_1\" class=\"wpforms-field-large wpforms-field-required\" name=\"wpforms[fields][1]\" required><\/div><div id=\"wpforms-3586-field_2-container\" class=\"wpforms-field wpforms-field-email\" data-field-id=\"2\"><label class=\"wpforms-field-label\" for=\"wpforms-3586-field_2\">Email <span class=\"wpforms-required-label\">*<\/span><\/label><input type=\"email\" id=\"wpforms-3586-field_2\" class=\"wpforms-field-large wpforms-field-required\" name=\"wpforms[fields][2]\" required><\/div><div id=\"wpforms-3586-field_3-container\" class=\"wpforms-field wpforms-field-phone\" data-field-id=\"3\"><label class=\"wpforms-field-label\" for=\"wpforms-3586-field_3\">T\u00e9l\u00e9phone<\/label><input type=\"tel\" id=\"wpforms-3586-field_3\" class=\"wpforms-field-large\" data-rule-int-phone-field=\"true\" name=\"wpforms[fields][3]\" ><\/div><div id=\"wpforms-3586-field_4-container\" class=\"wpforms-field wpforms-field-text\" data-field-id=\"4\"><label class=\"wpforms-field-label\" for=\"wpforms-3586-field_4\">Sujet de votre message<\/label><input type=\"text\" id=\"wpforms-3586-field_4\" class=\"wpforms-field-large\" name=\"wpforms[fields][4]\" ><\/div><div id=\"wpforms-3586-field_5-container\" class=\"wpforms-field wpforms-field-textarea\" data-field-id=\"5\"><label class=\"wpforms-field-label\" for=\"wpforms-3586-field_5\">Commentaires<\/label><textarea id=\"wpforms-3586-field_5\" class=\"wpforms-field-large\" name=\"wpforms[fields][5]\" ><\/textarea><\/div><\/div><div class=\"wpforms-submit-container\"><input type=\"hidden\" name=\"wpforms[id]\" value=\"3586\"><input type=\"hidden\" name=\"wpforms[author]\" value=\"1\"><button type=\"submit\" name=\"wpforms[submit]\" id=\"wpforms-submit-3586\" class=\"wpforms-submit\" data-alt-text=\"En cours...\" data-submit-text=\"Envoyer\" aria-live=\"assertive\" value=\"wpforms-submit\">Envoyer<\/button><img decoding=\"async\" src=\"https:\/\/www.epicesdeverdier.com\/wp-content\/plugins\/wpforms\/assets\/images\/submit-spin.svg\" class=\"wpforms-submit-spinner\" style=\"display: none;\" width=\"26\" height=\"26\" alt=\"\"><\/div><\/form><\/div>  <!-- .wpforms-container -->\t\t\t\t<\/div>\n\t\t\t\t<\/div>\n\t\t\t\t\t<\/div>\n\t\t<\/div>\n\t\t\t\t<div class=\"elementor-column elementor-col-50 elementor-top-column elementor-element elementor-element-e92111e\" data-id=\"e92111e\" data-element_type=\"column\" data-e-type=\"column\">\n\t\t\t<div class=\"elementor-widget-wrap elementor-element-populated\">\n\t\t\t\t\t\t<div class=\"elementor-element elementor-element-6c231fd elementor-widget elementor-widget-nest-contact-box-v1\" data-id=\"6c231fd\" data-element_type=\"widget\" data-e-type=\"widget\" data-widget_type=\"nest-contact-box-v1.default\">\n\t\t\t\t<div class=\"elementor-widget-container\">\n\t\t\t\t\t    <div class=\"contact_box  font-md  wow animate__animated animate__fadeInUp\" data-wow-delay=\"0        \">\r\n                    <h4 class=\"mb-15 text-brand\">\r\n                Coordonn\u00e9es            <\/h4>\r\n            <div class=\"box_content\">\r\n                    <div class=\"contact-infor\">\r\n                            <i class=\"fi-rs-marker mr-5 text-brand\"><\/i> \r\n                <abbr  title=\"Adresse : \">Adresse : <\/abbr> \r\n                                        <span>3990 Mont\u00e9e Saint-Hubert, Saint-Hubert (QC) J4T 2R1<\/span>\r\n                    <\/div>\r\n                            <div class=\"contact-infor\">\r\n                            <i class=\"fi-rs-headphones mr-5 text-brand\"><\/i>\r\n                <abbr title=\"T\u00e9l : \">T\u00e9l : <\/abbr>\r\n                                        <a href=\"tel:(450) 486-7263\">(450) 486-7263<\/a>\r\n                    <\/div>\r\n                            <div class=\"contact-infor\">\r\n                            <i class=\"fi-rs-envelope mr-5 text-brand\"><\/i>\r\n                <abbr  title=\"Email : \">Email : <\/abbr>\r\n                                            <a href=\"mailto:epicesdeverdier@gmail.com\">epicesdeverdier@gmail.com<\/a>\r\n                    <\/div>\r\n                            <div class=\"contact-infor\">\r\n                            <i class=\"fi-rs-time-oclock mr-5 text-brand\"><\/i>\r\n                <abbr  title=\"Horaires\">Horaires<\/abbr>\r\n                                        <span>Lun - Ven : 09:00 - 21h00\nSam - Dim : 09h00 - 18h00<\/span>\r\n                    <\/div>\r\n                <\/div>\r\n                <a href=\"https:\/\/www.google.com\/maps\/place\/3990+Mnt+Saint-Hubert,+Saint-Hubert,+QC+J3Y+4K3\/@45.4900479,-73.4346571,17z\/data=!3m1!4b1!4m6!3m5!1s0x4cc905b6ad04556b:0x35f98d44b60ba6e2!8m2!3d45.4900479!4d-73.4320822!16s%2Fg%2F11c4znhskl?entry=ttu&#038;g_ep=EgoyMDI2MDIwNC4wIKXMDSoASAFQAw%3D%3D\"  target=&quot;_blank&quot;  rel=&quot;nofollow&quot; class=\"btn btn-sm font-weight-bold text-white mt-20 border-radius-5 btn-shadow-brand hover-up\">\r\n        <i class=\"fi-rs-user mr-5\"><\/i>Voir la carte            <\/a>\r\n    <\/div>\r\n    \t\t\t\t<\/div>\n\t\t\t\t<\/div>\n\t\t\t\t<div class=\"elementor-element elementor-element-c816da1 elementor-widget elementor-widget-image\" data-id=\"c816da1\" data-element_type=\"widget\" data-e-type=\"widget\" data-widget_type=\"image.default\">\n\t\t\t\t\t\t\t\t\t\t\t\t\t\t\t<img fetchpriority=\"high\" decoding=\"async\" width=\"1024\" height=\"683\" src=\"https:\/\/www.epicesdeverdier.com\/wp-content\/uploads\/2026\/02\/IMG_2560_light-1024x683.jpg\" class=\"attachment-large size-large wp-image-3652\" alt=\"\" srcset=\"https:\/\/www.epicesdeverdier.com\/wp-content\/uploads\/2026\/02\/IMG_2560_light-1024x683.jpg 1024w, https:\/\/www.epicesdeverdier.com\/wp-content\/uploads\/2026\/02\/IMG_2560_light-300x200.jpg 300w, https:\/\/www.epicesdeverdier.com\/wp-content\/uploads\/2026\/02\/IMG_2560_light-768x512.jpg 768w, https:\/\/www.epicesdeverdier.com\/wp-content\/uploads\/2026\/02\/IMG_2560_light-600x400.jpg 600w, https:\/\/www.epicesdeverdier.com\/wp-content\/uploads\/2026\/02\/IMG_2560_light-64x43.jpg 64w, https:\/\/www.epicesdeverdier.com\/wp-content\/uploads\/2026\/02\/IMG_2560_light.jpg 1200w\" sizes=\"(max-width: 1024px) 100vw, 1024px\" \/>\t\t\t\t\t\t\t\t\t\t\t\t\t\t\t<\/div>\n\t\t\t\t\t<\/div>\n\t\t<\/div>\n\t\t\t\t\t<\/div>\n\t\t<\/section>\n\t\t\t\t<\/div>\n\t\t","protected":false},"excerpt":{"rendered":"<p>Formulaire de contact Coordonn\u00e9es Adresse : 3990 Mont\u00e9e Saint-Hubert, Saint-Hubert (QC) J4T 2R1 T\u00e9l : (450) 486-7263 Email : epicesdeverdier@gmail.com Horaires Lun &#8211; Ven : 09:00 &#8211; 21h00 Sam &#8211; Dim : 09h00 &#8211; 18h00 Voir la carte<\/p>","protected":false},"author":1,"featured_media":0,"parent":0,"menu_order":0,"comment_status":"closed","ping_status":"closed","template":"template-fullwidth.php","meta":{"footnotes":""},"class_list":["post-500","page","type-page","status-publish","hentry"],"_links":{"self":[{"href":"https:\/\/www.epicesdeverdier.com\/en\/wp-json\/wp\/v2\/pages\/500","targetHints":{"allow":["GET"]}}],"collection":[{"href":"https:\/\/www.epicesdeverdier.com\/en\/wp-json\/wp\/v2\/pages"}],"about":[{"href":"https:\/\/www.epicesdeverdier.com\/en\/wp-json\/wp\/v2\/types\/page"}],"author":[{"embeddable":true,"href":"https:\/\/www.epicesdeverdier.com\/en\/wp-json\/wp\/v2\/users\/1"}],"replies":[{"embeddable":true,"href":"https:\/\/www.epicesdeverdier.com\/en\/wp-json\/wp\/v2\/comments?post=500"}],"version-history":[{"count":14,"href":"https:\/\/www.epicesdeverdier.com\/en\/wp-json\/wp\/v2\/pages\/500\/revisions"}],"predecessor-version":[{"id":3737,"href":"https:\/\/www.epicesdeverdier.com\/en\/wp-json\/wp\/v2\/pages\/500\/revisions\/3737"}],"wp:attachment":[{"href":"https:\/\/www.epicesdeverdier.com\/en\/wp-json\/wp\/v2\/media?parent=500"}],"curies":[{"name":"wp","href":"https:\/\/api.w.org\/{rel}","templated":true}]}}